{"id":417,"date":"2023-10-27T15:34:03","date_gmt":"2023-10-27T13:34:03","guid":{"rendered":"https:\/\/www.canalgroup.com.co\/?page_id=417"},"modified":"2023-11-07T17:50:56","modified_gmt":"2023-11-07T16:50:56","slug":"c-abastece","status":"publish","type":"page","link":"https:\/\/www.canalgroup.com.co\/en\/c-abastece\/","title":{"rendered":"C Abastece"},"content":{"rendered":"<div data-elementor-type=\"wp-page\" data-elementor-id=\"417\" class=\"elementor elementor-417\" data-elementor-post-type=\"page\">\n\t\t\t\t<div class=\"elementor-element elementor-element-e39c3c4 e-con-full e-flex e-con e-parent\" data-id=\"e39c3c4\" data-element_type=\"container\" data-settings=\"{&quot;background_background&quot;:&quot;classic&quot;}\">\n\t\t<div class=\"elementor-element elementor-element-82281a8 e-con-full e-flex e-con e-child\" data-id=\"82281a8\" data-element_type=\"container\" data-settings=\"{&quot;background_background&quot;:&quot;classic&quot;}\">\n\t\t\t\t<div class=\"elementor-element elementor-element-72f22d3 elementor-widget elementor-widget-image\" data-id=\"72f22d3\" data-element_type=\"widget\" data-widget_type=\"image.default\">\n\t\t\t\t<div class=\"elementor-widget-container\">\n\t\t\t\t\t\t\t\t\t\t\t\t\t\t\t<img fetchpriority=\"high\" decoding=\"async\" width=\"1740\" height=\"824\" src=\"https:\/\/www.canalgroup.com.co\/wp-content\/uploads\/2023\/11\/canal-web-group_Mesa-de-trabajo-1-copia.png\" class=\"attachment-full size-full wp-image-944\" alt=\"\" srcset=\"https:\/\/www.canalgroup.com.co\/wp-content\/uploads\/2023\/11\/canal-web-group_Mesa-de-trabajo-1-copia.png 1740w, https:\/\/www.canalgroup.com.co\/wp-content\/uploads\/2023\/11\/canal-web-group_Mesa-de-trabajo-1-copia-300x142.png 300w, https:\/\/www.canalgroup.com.co\/wp-content\/uploads\/2023\/11\/canal-web-group_Mesa-de-trabajo-1-copia-1024x485.png 1024w, https:\/\/www.canalgroup.com.co\/wp-content\/uploads\/2023\/11\/canal-web-group_Mesa-de-trabajo-1-copia-768x364.png 768w, https:\/\/www.canalgroup.com.co\/wp-content\/uploads\/2023\/11\/canal-web-group_Mesa-de-trabajo-1-copia-1536x727.png 1536w, https:\/\/www.canalgroup.com.co\/wp-content\/uploads\/2023\/11\/canal-web-group_Mesa-de-trabajo-1-copia-24x11.png 24w, https:\/\/www.canalgroup.com.co\/wp-content\/uploads\/2023\/11\/canal-web-group_Mesa-de-trabajo-1-copia-36x17.png 36w, https:\/\/www.canalgroup.com.co\/wp-content\/uploads\/2023\/11\/canal-web-group_Mesa-de-trabajo-1-copia-48x23.png 48w\" sizes=\"(max-width: 1740px) 100vw, 1740px\" \/>\t\t\t\t\t\t\t\t\t\t\t\t\t\t\t<\/div>\n\t\t\t\t<\/div>\n\t\t\t\t<\/div>\n\t\t\t\t<\/div>\n\t\t<div class=\"elementor-element elementor-element-56b27f0 e-flex e-con-boxed e-con e-parent\" data-id=\"56b27f0\" data-element_type=\"container\" data-settings=\"{&quot;background_background&quot;:&quot;classic&quot;}\">\n\t\t\t\t\t<div class=\"e-con-inner\">\n\t\t<div class=\"elementor-element elementor-element-51091dc e-flex e-con-boxed e-con e-child\" data-id=\"51091dc\" data-element_type=\"container\">\n\t\t\t\t\t<div class=\"e-con-inner\">\n\t\t\t\t<div class=\"elementor-element elementor-element-c5a24d3 elementor-view-default elementor-widget elementor-widget-icon\" data-id=\"c5a24d3\" data-element_type=\"widget\" data-widget_type=\"icon.default\">\n\t\t\t\t<div class=\"elementor-widget-container\">\n\t\t\t\t\t\t\t<div class=\"elementor-icon-wrapper\">\n\t\t\t<div class=\"elementor-icon\">\n\t\t\t<svg aria-hidden=\"true\" class=\"e-font-icon-svg e-fas-chevron-down\" viewbox=\"0 0 448 512\" xmlns=\"http:\/\/www.w3.org\/2000\/svg\"><path d=\"M207.029 381.476L12.686 187.132c-9.373-9.373-9.373-24.569 0-33.941l22.667-22.667c9.357-9.357 24.522-9.375 33.901-.04L224 284.505l154.745-154.021c9.379-9.335 24.544-9.317 33.901.04l22.667 22.667c9.373 9.373 9.373 24.569 0 33.941L240.971 381.476c-9.373 9.372-24.569 9.372-33.942 0z\"><\/path><\/svg>\t\t\t<\/div>\n\t\t<\/div>\n\t\t\t\t\t\t<\/div>\n\t\t\t\t<\/div>\n\t\t<div class=\"elementor-element elementor-element-0289c76 e-flex e-con-boxed e-con e-child\" data-id=\"0289c76\" data-element_type=\"container\">\n\t\t\t\t\t<div class=\"e-con-inner\">\n\t\t<div class=\"elementor-element elementor-element-716d301 e-flex e-con-boxed e-con e-child\" data-id=\"716d301\" data-element_type=\"container\">\n\t\t\t\t\t<div class=\"e-con-inner\">\n\t\t\t\t<div class=\"elementor-element elementor-element-556cdf0 elementor-vertical-align-top elementor-widget elementor-widget-icon-box\" data-id=\"556cdf0\" data-element_type=\"widget\" data-widget_type=\"icon-box.default\">\n\t\t\t\t<div class=\"elementor-widget-container\">\n\t\t\t\t\t\t\t<div class=\"elementor-icon-box-wrapper\">\n\n\t\t\t\n\t\t\t\t\t\t<div class=\"elementor-icon-box-content\">\n\n\t\t\t\t\n\t\t\t\t\t\t\t\t\t<p class=\"elementor-icon-box-description\">\n\t\t\t\t\t\tCanal Group, respaldado por los mejores profesionales en la cadena de abastecimiento, introduce al mercado una plataforma \u00fanica. Esta herramienta permite a las empresas tener un control efectivo de su Plan Anual de Compras y Contrataci\u00f3n.\n \t\t\t\t\t<\/p>\n\t\t\t\t\n\t\t\t<\/div>\n\t\t\t\n\t\t<\/div>\n\t\t\t\t\t\t<\/div>\n\t\t\t\t<\/div>\n\t\t\t\t\t<\/div>\n\t\t\t\t<\/div>\n\t\t\t\t<div class=\"elementor-element elementor-element-68e4d9f elementor-invisible elementor-widget elementor-widget-image\" data-id=\"68e4d9f\" data-element_type=\"widget\" data-settings=\"{&quot;_animation&quot;:&quot;zoomIn&quot;}\" data-widget_type=\"image.default\">\n\t\t\t\t<div class=\"elementor-widget-container\">\n\t\t\t\t\t\t\t\t\t\t\t\t\t\t\t<img decoding=\"async\" width=\"768\" height=\"658\" src=\"https:\/\/www.canalgroup.com.co\/wp-content\/uploads\/2023\/10\/seccion-canal-Abastecimiento-04-04-768x658.png\" class=\"attachment-medium_large size-medium_large wp-image-420\" alt=\"\" srcset=\"https:\/\/www.canalgroup.com.co\/wp-content\/uploads\/2023\/10\/seccion-canal-Abastecimiento-04-04-768x658.png 768w, https:\/\/www.canalgroup.com.co\/wp-content\/uploads\/2023\/10\/seccion-canal-Abastecimiento-04-04-300x257.png 300w, https:\/\/www.canalgroup.com.co\/wp-content\/uploads\/2023\/10\/seccion-canal-Abastecimiento-04-04-1024x878.png 1024w, https:\/\/www.canalgroup.com.co\/wp-content\/uploads\/2023\/10\/seccion-canal-Abastecimiento-04-04-1536x1316.png 1536w, https:\/\/www.canalgroup.com.co\/wp-content\/uploads\/2023\/10\/seccion-canal-Abastecimiento-04-04-2048x1755.png 2048w\" sizes=\"(max-width: 768px) 100vw, 768px\" \/>\t\t\t\t\t\t\t\t\t\t\t\t\t\t\t<\/div>\n\t\t\t\t<\/div>\n\t\t\t\t\t<\/div>\n\t\t\t\t<\/div>\n\t\t\t\t\t<\/div>\n\t\t\t\t<\/div>\n\t\t\t\t\t<\/div>\n\t\t\t\t<\/div>\n\t\t<div class=\"elementor-element elementor-element-32ed7b12 e-flex e-con-boxed e-con e-parent\" data-id=\"32ed7b12\" data-element_type=\"container\">\n\t\t\t\t\t<div class=\"e-con-inner\">\n\t\t<div class=\"elementor-element elementor-element-5c424ced e-con-full e-flex e-con e-child\" data-id=\"5c424ced\" data-element_type=\"container\">\n\t\t\t\t<div class=\"elementor-element elementor-element-4e81a206 elementor-widget elementor-widget-heading\" data-id=\"4e81a206\" data-element_type=\"widget\" data-widget_type=\"heading.default\">\n\t\t\t\t<div class=\"elementor-widget-container\">\n\t\t\t\t\t<h2 class=\"elementor-heading-title elementor-size-default\">Descubre c\u00f3mo podemos marcar la diferencia juntos. <\/h2>\t\t\t\t<\/div>\n\t\t\t\t<\/div>\n\t\t\t\t<\/div>\n\t\t<div class=\"elementor-element elementor-element-5eb33644 e-flex e-con-boxed e-con e-child\" data-id=\"5eb33644\" data-element_type=\"container\">\n\t\t\t\t\t<div class=\"e-con-inner\">\n\t\t\t\t<div class=\"elementor-element elementor-element-105aabaa elementor-widget elementor-widget-heading\" data-id=\"105aabaa\" data-element_type=\"widget\" data-widget_type=\"heading.default\">\n\t\t\t\t<div class=\"elementor-widget-container\">\n\t\t\t\t\t<h2 class=\"elementor-heading-title elementor-size-default\"><a href=\"https:\/\/www.canalgroup.com.co\/en\/contactanos\/\">HAZ CLICK AQU\u00cd<\/a><\/h2>\t\t\t\t<\/div>\n\t\t\t\t<\/div>\n\t\t\t\t\t<\/div>\n\t\t\t\t<\/div>\n\t\t\t\t\t<\/div>\n\t\t\t\t<\/div>\n\t\t<div class=\"elementor-element elementor-element-988541b e-con-full e-flex e-con e-parent\" data-id=\"988541b\" data-element_type=\"container\" data-settings=\"{&quot;background_background&quot;:&quot;classic&quot;}\">\n\t\t<div class=\"elementor-element elementor-element-6cfda2e e-flex e-con-boxed e-con e-child\" data-id=\"6cfda2e\" data-element_type=\"container\">\n\t\t\t\t\t<div class=\"e-con-inner\">\n\t\t<div class=\"elementor-element elementor-element-064a65b e-flex e-con-boxed e-con e-child\" data-id=\"064a65b\" data-element_type=\"container\">\n\t\t\t\t\t<div class=\"e-con-inner\">\n\t\t\t\t<div class=\"elementor-element elementor-element-f0d079e elementor-widget elementor-widget-heading\" data-id=\"f0d079e\" data-element_type=\"widget\" data-widget_type=\"heading.default\">\n\t\t\t\t<div class=\"elementor-widget-container\">\n\t\t\t\t\t<h2 class=\"elementor-heading-title elementor-size-default\">Gracias al\nconocimiento de nuestros expertos y el apoyo de nuestra avanzada tecnolog\u00eda, las empresas pueden orientar y mejorar sus procesos de adquisici\u00f3n.<\/h2>\t\t\t\t<\/div>\n\t\t\t\t<\/div>\n\t\t\t\t\t<\/div>\n\t\t\t\t<\/div>\n\t\t<div class=\"elementor-element elementor-element-eabe93f e-flex e-con-boxed e-con e-child\" data-id=\"eabe93f\" data-element_type=\"container\">\n\t\t\t\t\t<div class=\"e-con-inner\">\n\t\t\t\t<div class=\"elementor-element elementor-element-3270836 elementor-invisible elementor-widget elementor-widget-image\" data-id=\"3270836\" data-element_type=\"widget\" data-settings=\"{&quot;_animation&quot;:&quot;zoomIn&quot;}\" data-widget_type=\"image.default\">\n\t\t\t\t<div class=\"elementor-widget-container\">\n\t\t\t\t\t\t\t\t\t\t\t\t\t\t\t<img decoding=\"async\" width=\"3880\" height=\"2910\" src=\"https:\/\/www.canalgroup.com.co\/wp-content\/uploads\/2023\/10\/seccion-canal-Abastecimiento-06-06.png\" class=\"attachment-full size-full wp-image-433\" alt=\"\" srcset=\"https:\/\/www.canalgroup.com.co\/wp-content\/uploads\/2023\/10\/seccion-canal-Abastecimiento-06-06.png 3880w, https:\/\/www.canalgroup.com.co\/wp-content\/uploads\/2023\/10\/seccion-canal-Abastecimiento-06-06-300x225.png 300w, https:\/\/www.canalgroup.com.co\/wp-content\/uploads\/2023\/10\/seccion-canal-Abastecimiento-06-06-1024x768.png 1024w, https:\/\/www.canalgroup.com.co\/wp-content\/uploads\/2023\/10\/seccion-canal-Abastecimiento-06-06-768x576.png 768w, https:\/\/www.canalgroup.com.co\/wp-content\/uploads\/2023\/10\/seccion-canal-Abastecimiento-06-06-1536x1152.png 1536w, https:\/\/www.canalgroup.com.co\/wp-content\/uploads\/2023\/10\/seccion-canal-Abastecimiento-06-06-2048x1536.png 2048w\" sizes=\"(max-width: 3880px) 100vw, 3880px\" \/>\t\t\t\t\t\t\t\t\t\t\t\t\t\t\t<\/div>\n\t\t\t\t<\/div>\n\t\t\t\t\t<\/div>\n\t\t\t\t<\/div>\n\t\t\t\t\t<\/div>\n\t\t\t\t<\/div>\n\t\t\t\t<\/div>\n\t\t<div class=\"elementor-element elementor-element-9c1de7a e-con-full e-flex e-con e-parent\" data-id=\"9c1de7a\" data-element_type=\"container\" data-settings=\"{&quot;background_background&quot;:&quot;classic&quot;}\">\n\t\t<div class=\"elementor-element elementor-element-28a9573 e-flex e-con-boxed e-con e-child\" data-id=\"28a9573\" data-element_type=\"container\">\n\t\t\t\t\t<div class=\"e-con-inner\">\n\t\t\t\t<div class=\"elementor-element elementor-element-1be834f elementor-widget elementor-widget-heading\" data-id=\"1be834f\" data-element_type=\"widget\" data-widget_type=\"heading.default\">\n\t\t\t\t<div class=\"elementor-widget-container\">\n\t\t\t\t\t<h2 class=\"elementor-heading-title elementor-size-default\"> Controla tu Plan Anual de Compras y Contrataci\u00f3n con la plataforma l\u00edder respaldada por expertos en abastecimiento y tecnolog\u00eda de Canal Group. Optimiza tu forma de comprar y\nlleva tu empresa al siguiente nivel.<\/h2>\t\t\t\t<\/div>\n\t\t\t\t<\/div>\n\t\t\t\t\t<\/div>\n\t\t\t\t<\/div>\n\t\t\t\t<\/div>\n\t\t<div class=\"elementor-element elementor-element-4dcd348e e-flex e-con-boxed e-con e-parent\" data-id=\"4dcd348e\" data-element_type=\"container\">\n\t\t\t\t\t<div class=\"e-con-inner\">\n\t\t<div class=\"elementor-element elementor-element-7f4e1c5d e-flex e-con-boxed e-con e-child\" data-id=\"7f4e1c5d\" data-element_type=\"container\">\n\t\t\t\t\t<div class=\"e-con-inner\">\n\t\t\t\t<div class=\"elementor-element elementor-element-7a68e941 elementor-widget__width-initial elementor-widget elementor-widget-heading\" data-id=\"7a68e941\" data-element_type=\"widget\" data-widget_type=\"heading.default\">\n\t\t\t\t<div class=\"elementor-widget-container\">\n\t\t\t\t\t<h2 class=\"elementor-heading-title elementor-size-default\">S\u00edguenos en nuestras redes sociales<\/h2>\t\t\t\t<\/div>\n\t\t\t\t<\/div>\n\t\t\t\t\t<\/div>\n\t\t\t\t<\/div>\n\t\t<div class=\"elementor-element elementor-element-e660c2a e-flex e-con-boxed e-con e-child\" data-id=\"e660c2a\" data-element_type=\"container\">\n\t\t\t\t\t<div class=\"e-con-inner\">\n\t\t\t\t<div class=\"elementor-element elementor-element-7cc36928 elementor-shape-rounded elementor-grid-0 e-grid-align-center elementor-widget elementor-widget-social-icons\" data-id=\"7cc36928\" data-element_type=\"widget\" data-widget_type=\"social-icons.default\">\n\t\t\t\t<div class=\"elementor-widget-container\">\n\t\t\t\t\t\t\t<div class=\"elementor-social-icons-wrapper elementor-grid\">\n\t\t\t\t\t\t\t<span class=\"elementor-grid-item\">\n\t\t\t\t\t<a class=\"elementor-icon elementor-social-icon elementor-social-icon-facebook elementor-repeater-item-1f2cf43\" href=\"https:\/\/www.facebook.com\/canalgroupdigitalservices?mibextid=LQQJ4d\" target=\"_blank\">\n\t\t\t\t\t\t<span class=\"elementor-screen-only\">Facebook<\/span>\n\t\t\t\t\t\t<svg class=\"e-font-icon-svg e-fab-facebook\" viewbox=\"0 0 512 512\" xmlns=\"http:\/\/www.w3.org\/2000\/svg\"><path d=\"M504 256C504 119 393 8 256 8S8 119 8 256c0 123.78 90.69 226.38 209.25 245V327.69h-63V256h63v-54.64c0-62.15 37-96.48 93.67-96.48 27.14 0 55.52 4.84 55.52 4.84v61h-31.28c-30.8 0-40.41 19.12-40.41 38.73V256h68.78l-11 71.69h-57.78V501C413.31 482.38 504 379.78 504 256z\"><\/path><\/svg>\t\t\t\t\t<\/a>\n\t\t\t\t<\/span>\n\t\t\t\t\t\t\t<span class=\"elementor-grid-item\">\n\t\t\t\t\t<a class=\"elementor-icon elementor-social-icon elementor-social-icon-instagram elementor-repeater-item-5f0cd38\" href=\"https:\/\/www.instagram.com\/canalgroupdigital\/\" target=\"_blank\">\n\t\t\t\t\t\t<span class=\"elementor-screen-only\">Instagram<\/span>\n\t\t\t\t\t\t<svg class=\"e-font-icon-svg e-fab-instagram\" viewbox=\"0 0 448 512\" xmlns=\"http:\/\/www.w3.org\/2000\/svg\"><path d=\"M224.1 141c-63.6 0-114.9 51.3-114.9 114.9s51.3 114.9 114.9 114.9S339 319.5 339 255.9 287.7 141 224.1 141zm0 189.6c-41.1 0-74.7-33.5-74.7-74.7s33.5-74.7 74.7-74.7 74.7 33.5 74.7 74.7-33.6 74.7-74.7 74.7zm146.4-194.3c0 14.9-12 26.8-26.8 26.8-14.9 0-26.8-12-26.8-26.8s12-26.8 26.8-26.8 26.8 12 26.8 26.8zm76.1 27.2c-1.7-35.9-9.9-67.7-36.2-93.9-26.2-26.2-58-34.4-93.9-36.2-37-2.1-147.9-2.1-184.9 0-35.8 1.7-67.6 9.9-93.9 36.1s-34.4 58-36.2 93.9c-2.1 37-2.1 147.9 0 184.9 1.7 35.9 9.9 67.7 36.2 93.9s58 34.4 93.9 36.2c37 2.1 147.9 2.1 184.9 0 35.9-1.7 67.7-9.9 93.9-36.2 26.2-26.2 34.4-58 36.2-93.9 2.1-37 2.1-147.8 0-184.8zM398.8 388c-7.8 19.6-22.9 34.7-42.6 42.6-29.5 11.7-99.5 9-132.1 9s-102.7 2.6-132.1-9c-19.6-7.8-34.7-22.9-42.6-42.6-11.7-29.5-9-99.5-9-132.1s-2.6-102.7 9-132.1c7.8-19.6 22.9-34.7 42.6-42.6 29.5-11.7 99.5-9 132.1-9s102.7-2.6 132.1 9c19.6 7.8 34.7 22.9 42.6 42.6 11.7 29.5 9 99.5 9 132.1s2.7 102.7-9 132.1z\"><\/path><\/svg>\t\t\t\t\t<\/a>\n\t\t\t\t<\/span>\n\t\t\t\t\t\t\t<span class=\"elementor-grid-item\">\n\t\t\t\t\t<a class=\"elementor-icon elementor-social-icon elementor-social-icon-tiktok elementor-repeater-item-bbf83bf\" href=\"https:\/\/www.tiktok.com\/@canal.group?_t=8h42ExjNzWQ&#038;_r=1\" target=\"_blank\">\n\t\t\t\t\t\t<span class=\"elementor-screen-only\">Tiktok<\/span>\n\t\t\t\t\t\t<svg class=\"e-font-icon-svg e-fab-tiktok\" viewbox=\"0 0 448 512\" xmlns=\"http:\/\/www.w3.org\/2000\/svg\"><path d=\"M448,209.91a210.06,210.06,0,0,1-122.77-39.25V349.38A162.55,162.55,0,1,1,185,188.31V278.2a74.62,74.62,0,1,0,52.23,71.18V0l88,0a121.18,121.18,0,0,0,1.86,22.17h0A122.18,122.18,0,0,0,381,102.39a121.43,121.43,0,0,0,67,20.14Z\"><\/path><\/svg>\t\t\t\t\t<\/a>\n\t\t\t\t<\/span>\n\t\t\t\t\t<\/div>\n\t\t\t\t\t\t<\/div>\n\t\t\t\t<\/div>\n\t\t\t\t\t<\/div>\n\t\t\t\t<\/div>\n\t\t\t\t\t<\/div>\n\t\t\t\t<\/div>\n\t\t\t\t<\/div>","protected":false},"excerpt":{"rendered":"<p>Canal Group, respaldado por los mejores profesionales en la cadena de abastecimiento, introduce al mercado una plataforma \u00fanica. Esta herramienta permite a las empresas tener un control efectivo de su Plan Anual de Compras y Contrataci\u00f3n. Descubre c\u00f3mo podemos marcar la diferencia juntos. HAZ CLICK AQU\u00cd Gracias al conocimiento de nuestros expertos y el apoyo [&hellip;]<\/p>","protected":false},"author":1,"featured_media":0,"parent":0,"menu_order":0,"comment_status":"closed","ping_status":"open","template":"","meta":{"site-sidebar-layout":"no-sidebar","site-content-layout":"","ast-site-content-layout":"full-width-container","site-content-style":"default","site-sidebar-style":"default","ast-global-header-display":"","ast-banner-title-visibility":"","ast-main-header-display":"","ast-hfb-above-header-display":"","ast-hfb-below-header-display":"","ast-hfb-mobile-header-display":"","site-post-title":"disabled","ast-breadcrumbs-content":"","ast-featured-img":"disabled","footer-sml-layout":"","theme-transparent-header-meta":"default","adv-header-id-meta":"","stick-header-meta":"default","header-above-stick-meta":"","header-main-stick-meta":"","header-below-stick-meta":"","astra-migrate-meta-layouts":"set","ast-page-background-enabled":"default","ast-page-background-meta":{"desktop":{"background-color":"var(--ast-global-color-4)","background-image":"","background-repeat":"repeat","background-position":"center center","background-size":"auto","background-attachment":"scroll","background-type":"","background-media":"","overlay-type":"","overlay-color":"","overlay-opacity":"","overlay-gradient":""},"tablet":{"background-color":"","background-image":"","background-repeat":"repeat","background-position":"center center","background-size":"auto","background-attachment":"scroll","background-type":"","background-media":"","overlay-type":"","overlay-color":"","overlay-opacity":"","overlay-gradient":""},"mobile":{"background-color":"","background-image":"","background-repeat":"repeat","background-position":"center center","background-size":"auto","background-attachment":"scroll","background-type":"","background-media":"","overlay-type":"","overlay-color":"","overlay-opacity":"","overlay-gradient":""}},"ast-content-background-meta":{"desktop":{"background-color":"var(--ast-global-color-5)","background-image":"","background-repeat":"repeat","background-position":"center center","background-size":"auto","background-attachment":"scroll","background-type":"","background-media":"","overlay-type":"","overlay-color":"","overlay-opacity":"","overlay-gradient":""},"tablet":{"background-color":"var(--ast-global-color-5)","background-image":"","background-repeat":"repeat","background-position":"center center","background-size":"auto","background-attachment":"scroll","background-type":"","background-media":"","overlay-type":"","overlay-color":"","overlay-opacity":"","overlay-gradient":""},"mobile":{"background-color":"var(--ast-global-color-5)","background-image":"","background-repeat":"repeat","background-position":"center center","background-size":"auto","background-attachment":"scroll","background-type":"","background-media":"","overlay-type":"","overlay-color":"","overlay-opacity":"","overlay-gradient":""}},"_joinchat":[],"footnotes":""},"class_list":["post-417","page","type-page","status-publish","hentry"],"_links":{"self":[{"href":"https:\/\/www.canalgroup.com.co\/en\/wp-json\/wp\/v2\/pages\/417","targetHints":{"allow":["GET"]}}],"collection":[{"href":"https:\/\/www.canalgroup.com.co\/en\/wp-json\/wp\/v2\/pages"}],"about":[{"href":"https:\/\/www.canalgroup.com.co\/en\/wp-json\/wp\/v2\/types\/page"}],"author":[{"embeddable":true,"href":"https:\/\/www.canalgroup.com.co\/en\/wp-json\/wp\/v2\/users\/1"}],"replies":[{"embeddable":true,"href":"https:\/\/www.canalgroup.com.co\/en\/wp-json\/wp\/v2\/comments?post=417"}],"version-history":[{"count":47,"href":"https:\/\/www.canalgroup.com.co\/en\/wp-json\/wp\/v2\/pages\/417\/revisions"}],"predecessor-version":[{"id":950,"href":"https:\/\/www.canalgroup.com.co\/en\/wp-json\/wp\/v2\/pages\/417\/revisions\/950"}],"wp:attachment":[{"href":"https:\/\/www.canalgroup.com.co\/en\/wp-json\/wp\/v2\/media?parent=417"}],"curies":[{"name":"wp","href":"https:\/\/api.w.org\/{rel}","templated":true}]}}